{"id":2368,"date":"2021-01-08T09:43:25","date_gmt":"2021-01-08T08:43:25","guid":{"rendered":"https:\/\/djoring.com\/?post_type=product&#038;p=2368"},"modified":"2025-10-29T15:26:11","modified_gmt":"2025-10-29T14:26:11","slug":"djore-sport-belt","status":"publish","type":"product","link":"https:\/\/djoring.com\/en\/produits\/djore-sport-belt\/","title":{"rendered":"Djore Sport belt"},"content":{"rendered":"<div class=\"wpb-content-wrapper\"><p>[vc_row][vc_column][vc_column_text text_larger=&#8221;no&#8221;]The <strong>DJORE SPORT<\/strong> pulling belt is designed to increase the comfort during constant pulling while respecting the directional axes and the freedom of movement of the legs and the back.<\/p>\n<p><strong>Pulling lift zone below the hips<\/strong><\/p>\n<p>The pulling lift zone is located at the upper part of the buttocks and below the hips. The lumbar area is not exposed to any severe pressure and the legs are free to move laterally during change of directions (canicross) or skating (ski jo\u00ebring).<\/p>\n<p><strong>Multiple adjustment points<\/strong><\/p>\n<p>The belt can be adjusted and fitted perfectly thanks to the multiple adjustment points, two for the waist, one on each leg loop and one for the pulling strap.<\/p>\n<p>The leg loops position themselves on the adductor area of the thighs thus increasing the comfort during practice.<\/p>\n<p><strong>Breathable and resistant<\/strong><\/p>\n<p>The inside of the belt is composed of breathable mesh fabric, the outside fabric is lightweight and resistant. A large zippered storage pocket is located at the back, with a reflective stripe to be seen at night.<\/p>\n<p><em><strong>In compliance with national and international federal rules.<\/strong><\/em><\/p>\n<p>[\/vc_column_text][\/vc_column][\/vc_row][vc_row][vc_column]\t\t<div class=\"wd-spots wd-event-hover hotspot-icon-default color-scheme-dark wd-hotspot-static \">\n\t\t\t<div class=\"wd-image-hotspot-hotspots\">\n\t\t\t\t<img loading=\"lazy\" decoding=\"async\" width=\"2315\" height=\"1272\" src=\"https:\/\/djoring.com\/wp-content\/uploads\/2021\/01\/Djore-Sport-baudrier_1600_98_hotspot-1.jpg\" class=\"wd-image-hotspot-img\" alt=\"\" srcset=\"https:\/\/djoring.com\/wp-content\/uploads\/2021\/01\/Djore-Sport-baudrier_1600_98_hotspot-1.jpg 2315w, https:\/\/djoring.com\/wp-content\/uploads\/2021\/01\/Djore-Sport-baudrier_1600_98_hotspot-1-150x82.jpg 150w, https:\/\/djoring.com\/wp-content\/uploads\/2021\/01\/Djore-Sport-baudrier_1600_98_hotspot-1-1200x659.jpg 1200w, https:\/\/djoring.com\/wp-content\/uploads\/2021\/01\/Djore-Sport-baudrier_1600_98_hotspot-1-300x165.jpg 300w, https:\/\/djoring.com\/wp-content\/uploads\/2021\/01\/Djore-Sport-baudrier_1600_98_hotspot-1-1024x563.jpg 1024w, https:\/\/djoring.com\/wp-content\/uploads\/2021\/01\/Djore-Sport-baudrier_1600_98_hotspot-1-768x422.jpg 768w, https:\/\/djoring.com\/wp-content\/uploads\/2021\/01\/Djore-Sport-baudrier_1600_98_hotspot-1-1536x844.jpg 1536w, https:\/\/djoring.com\/wp-content\/uploads\/2021\/01\/Djore-Sport-baudrier_1600_98_hotspot-1-2048x1125.jpg 2048w\" sizes=\"auto, (max-width: 2315px) 100vw, 2315px\" \/><div class=\"wd-image-hotspot hotspot-type-text\" style=\"left: 55.691%; top: 23.181%;\"><span class=\"hotspot-sonar\"><\/span><div class=\"hotspot-btn wd-role-btn wd-fill\" tabindex=\"0\"><\/div><div class=\"hotspot-text hotspot-content hotspot-dropdown-left\"><h4 class=\"wd-entities-title\">Breathable mesh fabric<\/h4><\/div><\/div><div class=\"wd-image-hotspot hotspot-type-text\" style=\"left: 78.455%; top: 37.978%;\"><span class=\"hotspot-sonar\"><\/span><div class=\"hotspot-btn wd-role-btn wd-fill\" tabindex=\"0\"><\/div><div class=\"hotspot-text hotspot-content hotspot-dropdown-left\"><h4 class=\"wd-entities-title\">Thin and comfortable buttock foam<\/h4><\/div><\/div><div class=\"wd-image-hotspot hotspot-type-text\" style=\"left: 60.434%; top: 34.032%;\"><span class=\"hotspot-sonar\"><\/span><div class=\"hotspot-btn wd-role-btn wd-fill\" tabindex=\"0\"><\/div><div class=\"hotspot-text hotspot-content hotspot-dropdown-left\"><h4 class=\"wd-entities-title\">Adjustable waist<\/h4><\/div><\/div><div class=\"wd-image-hotspot hotspot-type-text\" style=\"left: 79.133%; top: 64.365%;\"><span class=\"hotspot-sonar\"><\/span><div class=\"hotspot-btn wd-role-btn wd-fill\" tabindex=\"0\"><\/div><div class=\"hotspot-text hotspot-content hotspot-dropdown-left\"><h4 class=\"wd-entities-title\">Adjustable leg loops<\/h4><\/div><\/div><div class=\"wd-image-hotspot hotspot-type-text\" style=\"left: 32.114%; top: 51.788%;\"><span class=\"hotspot-sonar\"><\/span><div class=\"hotspot-btn wd-role-btn wd-fill\" tabindex=\"0\"><\/div><div class=\"hotspot-text hotspot-content hotspot-dropdown-left\"><h4 class=\"wd-entities-title\">Adjustable webbing pull circumference<\/h4><\/div><\/div><div class=\"wd-image-hotspot hotspot-type-text\" style=\"left: 19.919%; top: 92.972%;\"><span class=\"hotspot-sonar\"><\/span><div class=\"hotspot-btn wd-role-btn wd-fill\" tabindex=\"0\"><\/div><div class=\"hotspot-text hotspot-content hotspot-dropdown-left\"><h4 class=\"wd-entities-title\">Metal O ring<\/h4><\/div><\/div>\t\t\t<\/div>\n\t\t<\/div>\n\t\t[\/vc_column][\/vc_row][vc_row][vc_column][vc_column_text text_larger=&#8221;no&#8221;]<strong>Key features :<\/strong><\/p>\n<ul>\n<li>Breathable mesh fabric<\/li>\n<li>Thin and comfortable buttock foam<\/li>\n<li>Adjustable webbing waist circumference<\/li>\n<li>Adjustable leg loops<\/li>\n<li>Adjustable webbing pull circumference<\/li>\n<li>Metal O ring attachment point<\/li>\n<li>External zipped storage pocket<\/li>\n<li>Reflective lumbar strip<\/li>\n<\/ul>\n<p>[\/vc_column_text][\/vc_column][\/vc_row][vc_row full_width=&#8221;stretch_row&#8221; gap=&#8221;10&#8243; css=&#8221;.vc_custom_1613902249120{margin-top: 0px !important;background-color: #f2f2f2 !important;}&#8221; mobile_bg_img_hidden=&#8221;no&#8221; tablet_bg_img_hidden=&#8221;no&#8221; woodmart_parallax=&#8221;0&#8243; woodmart_gradient_switch=&#8221;no&#8221; row_reverse_mobile=&#8221;0&#8243; row_reverse_tablet=&#8221;0&#8243; woodmart_disable_overflow=&#8221;0&#8243;][vc_column]\n\t\t<div id=\"wd-690223fb91321\" class=\"title-wrapper wd-wpb wd-set-mb reset-last-child  wd-rs-690223fb91321 wd-title-color-default wd-title-style-default text-center  wd-title-empty wd-underline-colored\">\n\t\t\t\n\t\t\t<div class=\"liner-continer\">\n\t\t\t\t<h4 class=\"woodmart-title-container title  wd-font-weight-300 wd-fontsize-xxl\" ><\/h4>\n\t\t\t\t\t\t\t<\/div>\n\t\t\t\n\t\t\t\n\t\t\t\n\t\t<\/div>\n\t\t\n\t\t[\/vc_column][\/vc_row]<\/p>\n<\/div>","protected":false},"excerpt":{"rendered":"<div class=\"page\" title=\"Page 3\">\n<div class=\"section\">\n<div class=\"layoutArea\">\n<div class=\"column\">\n<p><strong>Pulling belt for canicross, ski jo\u00ebring and hiking<\/strong><\/p>\n<p>The <strong>DJORE SPORT<\/strong> belt is designed for dog sports with a regular and constant pulling such as canicross, ski jo\u00ebring as well as hiking in case the dog is used to continously towing even at low speed. The pulling lift zone is located below the hips.<\/p>\n<p><em><strong>In compliance with national and international federal rules.<\/strong><\/em><\/p>\n<p>2 sizes : measure your hips in low waist position<\/p>\n<ul>\n<li>T1 : 70 &#8211; 95 cm \/ 27.56 &#8211; 37.40 in<\/li>\n<li>T2 : 95 &#8211; 120 cm \/ 37.40 &#8211; 47.24 in<\/li>\n<\/ul>\n<\/div>\n<\/div>\n<\/div>\n<\/div>\n","protected":false},"featured_media":2854,"comment_status":"open","ping_status":"closed","template":"","meta":[],"product_brand":[],"product_cat":[123],"product_tag":[],"class_list":{"0":"post-2368","1":"product","2":"type-product","3":"status-publish","4":"has-post-thumbnail","6":"product_cat-belts","8":"first","9":"instock","10":"taxable","11":"shipping-taxable","12":"purchasable","13":"product-type-variable"},"yoast_head":"<!-- This site is optimized with the Yoast SEO plugin v26.9 - https:\/\/yoast.com\/product\/yoast-seo-wordpress\/ -->\n<title>Djore Sport belt - Djoring<\/title>\n<meta name=\"robots\" content=\"index, follow, max-snippet:-1, max-image-preview:large, max-video-preview:-1\" \/>\n<link rel=\"canonical\" href=\"https:\/\/djoring.com\/en\/produits\/djore-sport-belt\/\" \/>\n<meta property=\"og:locale\" content=\"en_US\" \/>\n<meta property=\"og:type\" content=\"article\" \/>\n<meta property=\"og:title\" content=\"Djore Sport belt - Djoring\" \/>\n<meta property=\"og:description\" content=\"Pulling belt for canicross, ski jo\u00ebring and hiking  The DJORE SPORT belt is designed for dog sports with a regular and constant pulling such as canicross, ski jo\u00ebring as well as hiking in case the dog is used to continously towing even at low speed. The pulling lift zone is located below the hips.  In compliance with national and international federal rules.  2 sizes : measure your hips in low waist position   T1 : 70 - 95 cm \/ 27.56 - 37.40 in  T2 : 95 - 120 cm \/ 37.40 - 47.24 in\" \/>\n<meta property=\"og:url\" content=\"https:\/\/djoring.com\/en\/produits\/djore-sport-belt\/\" \/>\n<meta property=\"og:site_name\" content=\"Djoring\" \/>\n<meta property=\"article:publisher\" content=\"https:\/\/www.facebook.com\/Djoring-101845331769210\" \/>\n<meta property=\"article:modified_time\" content=\"2025-10-29T14:26:11+00:00\" \/>\n<meta property=\"og:image\" content=\"https:\/\/djoring.com\/wp-content\/uploads\/2021\/01\/Djore-Sport-baudrier_1600_98-2.jpg\" \/>\n\t<meta property=\"og:image:width\" content=\"1600\" \/>\n\t<meta property=\"og:image:height\" content=\"1600\" \/>\n\t<meta property=\"og:image:type\" content=\"image\/jpeg\" \/>\n<meta name=\"twitter:card\" content=\"summary_large_image\" \/>\n<meta name=\"twitter:label1\" content=\"Est. reading time\" \/>\n\t<meta name=\"twitter:data1\" content=\"2 minutes\" \/>\n<script type=\"application\/ld+json\" class=\"yoast-schema-graph\">{\"@context\":\"https:\/\/schema.org\",\"@graph\":[{\"@type\":\"WebPage\",\"@id\":\"https:\/\/djoring.com\/en\/produits\/djore-sport-belt\/\",\"url\":\"https:\/\/djoring.com\/en\/produits\/djore-sport-belt\/\",\"name\":\"Djore Sport belt - Djoring\",\"isPartOf\":{\"@id\":\"https:\/\/djoring.com\/#website\"},\"primaryImageOfPage\":{\"@id\":\"https:\/\/djoring.com\/en\/produits\/djore-sport-belt\/#primaryimage\"},\"image\":{\"@id\":\"https:\/\/djoring.com\/en\/produits\/djore-sport-belt\/#primaryimage\"},\"thumbnailUrl\":\"https:\/\/djoring.com\/wp-content\/uploads\/2021\/01\/Djore-Sport-baudrier_1600_98-2.jpg\",\"datePublished\":\"2021-01-08T08:43:25+00:00\",\"dateModified\":\"2025-10-29T14:26:11+00:00\",\"breadcrumb\":{\"@id\":\"https:\/\/djoring.com\/en\/produits\/djore-sport-belt\/#breadcrumb\"},\"inLanguage\":\"en-US\",\"potentialAction\":[{\"@type\":\"ReadAction\",\"target\":[\"https:\/\/djoring.com\/en\/produits\/djore-sport-belt\/\"]}]},{\"@type\":\"ImageObject\",\"inLanguage\":\"en-US\",\"@id\":\"https:\/\/djoring.com\/en\/produits\/djore-sport-belt\/#primaryimage\",\"url\":\"https:\/\/djoring.com\/wp-content\/uploads\/2021\/01\/Djore-Sport-baudrier_1600_98-2.jpg\",\"contentUrl\":\"https:\/\/djoring.com\/wp-content\/uploads\/2021\/01\/Djore-Sport-baudrier_1600_98-2.jpg\",\"width\":1600,\"height\":1600},{\"@type\":\"BreadcrumbList\",\"@id\":\"https:\/\/djoring.com\/en\/produits\/djore-sport-belt\/#breadcrumb\",\"itemListElement\":[{\"@type\":\"ListItem\",\"position\":1,\"name\":\"Accueil\",\"item\":\"https:\/\/djoring.com\/en\/\"},{\"@type\":\"ListItem\",\"position\":2,\"name\":\"Products\",\"item\":\"https:\/\/djoring.com\/en\/products\/\"},{\"@type\":\"ListItem\",\"position\":3,\"name\":\"Djore Sport belt\"}]},{\"@type\":\"WebSite\",\"@id\":\"https:\/\/djoring.com\/#website\",\"url\":\"https:\/\/djoring.com\/\",\"name\":\"Djoring\",\"description\":\"Marque fran\u00e7aise d&#039;\u00e9quipements de sports canins attel\u00e9s\",\"publisher\":{\"@id\":\"https:\/\/djoring.com\/#organization\"},\"potentialAction\":[{\"@type\":\"SearchAction\",\"target\":{\"@type\":\"EntryPoint\",\"urlTemplate\":\"https:\/\/djoring.com\/?s={search_term_string}\"},\"query-input\":{\"@type\":\"PropertyValueSpecification\",\"valueRequired\":true,\"valueName\":\"search_term_string\"}}],\"inLanguage\":\"en-US\"},{\"@type\":\"Organization\",\"@id\":\"https:\/\/djoring.com\/#organization\",\"name\":\"Djoring\",\"url\":\"https:\/\/djoring.com\/\",\"logo\":{\"@type\":\"ImageObject\",\"inLanguage\":\"en-US\",\"@id\":\"https:\/\/djoring.com\/#\/schema\/logo\/image\/\",\"url\":\"https:\/\/djoring.com\/wp-content\/uploads\/2021\/01\/Logo-Djoring-gris-vec-1.jpg\",\"contentUrl\":\"https:\/\/djoring.com\/wp-content\/uploads\/2021\/01\/Logo-Djoring-gris-vec-1.jpg\",\"width\":1000,\"height\":308,\"caption\":\"Djoring\"},\"image\":{\"@id\":\"https:\/\/djoring.com\/#\/schema\/logo\/image\/\"},\"sameAs\":[\"https:\/\/www.facebook.com\/Djoring-101845331769210\",\"https:\/\/www.instagram.com\/djoringsport\/\"]}]}<\/script>\n<!-- \/ Yoast SEO plugin. -->","yoast_head_json":{"title":"Djore Sport belt - Djoring","robots":{"index":"index","follow":"follow","max-snippet":"max-snippet:-1","max-image-preview":"max-image-preview:large","max-video-preview":"max-video-preview:-1"},"canonical":"https:\/\/djoring.com\/en\/produits\/djore-sport-belt\/","og_locale":"en_US","og_type":"article","og_title":"Djore Sport belt - Djoring","og_description":"Pulling belt for canicross, ski jo\u00ebring and hiking  The DJORE SPORT belt is designed for dog sports with a regular and constant pulling such as canicross, ski jo\u00ebring as well as hiking in case the dog is used to continously towing even at low speed. The pulling lift zone is located below the hips.  In compliance with national and international federal rules.  2 sizes : measure your hips in low waist position   T1 : 70 - 95 cm \/ 27.56 - 37.40 in  T2 : 95 - 120 cm \/ 37.40 - 47.24 in","og_url":"https:\/\/djoring.com\/en\/produits\/djore-sport-belt\/","og_site_name":"Djoring","article_publisher":"https:\/\/www.facebook.com\/Djoring-101845331769210","article_modified_time":"2025-10-29T14:26:11+00:00","og_image":[{"width":1600,"height":1600,"url":"https:\/\/djoring.com\/wp-content\/uploads\/2021\/01\/Djore-Sport-baudrier_1600_98-2.jpg","type":"image\/jpeg"}],"twitter_card":"summary_large_image","twitter_misc":{"Est. reading time":"2 minutes"},"schema":{"@context":"https:\/\/schema.org","@graph":[{"@type":"WebPage","@id":"https:\/\/djoring.com\/en\/produits\/djore-sport-belt\/","url":"https:\/\/djoring.com\/en\/produits\/djore-sport-belt\/","name":"Djore Sport belt - Djoring","isPartOf":{"@id":"https:\/\/djoring.com\/#website"},"primaryImageOfPage":{"@id":"https:\/\/djoring.com\/en\/produits\/djore-sport-belt\/#primaryimage"},"image":{"@id":"https:\/\/djoring.com\/en\/produits\/djore-sport-belt\/#primaryimage"},"thumbnailUrl":"https:\/\/djoring.com\/wp-content\/uploads\/2021\/01\/Djore-Sport-baudrier_1600_98-2.jpg","datePublished":"2021-01-08T08:43:25+00:00","dateModified":"2025-10-29T14:26:11+00:00","breadcrumb":{"@id":"https:\/\/djoring.com\/en\/produits\/djore-sport-belt\/#breadcrumb"},"inLanguage":"en-US","potentialAction":[{"@type":"ReadAction","target":["https:\/\/djoring.com\/en\/produits\/djore-sport-belt\/"]}]},{"@type":"ImageObject","inLanguage":"en-US","@id":"https:\/\/djoring.com\/en\/produits\/djore-sport-belt\/#primaryimage","url":"https:\/\/djoring.com\/wp-content\/uploads\/2021\/01\/Djore-Sport-baudrier_1600_98-2.jpg","contentUrl":"https:\/\/djoring.com\/wp-content\/uploads\/2021\/01\/Djore-Sport-baudrier_1600_98-2.jpg","width":1600,"height":1600},{"@type":"BreadcrumbList","@id":"https:\/\/djoring.com\/en\/produits\/djore-sport-belt\/#breadcrumb","itemListElement":[{"@type":"ListItem","position":1,"name":"Accueil","item":"https:\/\/djoring.com\/en\/"},{"@type":"ListItem","position":2,"name":"Products","item":"https:\/\/djoring.com\/en\/products\/"},{"@type":"ListItem","position":3,"name":"Djore Sport belt"}]},{"@type":"WebSite","@id":"https:\/\/djoring.com\/#website","url":"https:\/\/djoring.com\/","name":"Djoring","description":"Marque fran\u00e7aise d&#039;\u00e9quipements de sports canins attel\u00e9s","publisher":{"@id":"https:\/\/djoring.com\/#organization"},"potentialAction":[{"@type":"SearchAction","target":{"@type":"EntryPoint","urlTemplate":"https:\/\/djoring.com\/?s={search_term_string}"},"query-input":{"@type":"PropertyValueSpecification","valueRequired":true,"valueName":"search_term_string"}}],"inLanguage":"en-US"},{"@type":"Organization","@id":"https:\/\/djoring.com\/#organization","name":"Djoring","url":"https:\/\/djoring.com\/","logo":{"@type":"ImageObject","inLanguage":"en-US","@id":"https:\/\/djoring.com\/#\/schema\/logo\/image\/","url":"https:\/\/djoring.com\/wp-content\/uploads\/2021\/01\/Logo-Djoring-gris-vec-1.jpg","contentUrl":"https:\/\/djoring.com\/wp-content\/uploads\/2021\/01\/Logo-Djoring-gris-vec-1.jpg","width":1000,"height":308,"caption":"Djoring"},"image":{"@id":"https:\/\/djoring.com\/#\/schema\/logo\/image\/"},"sameAs":["https:\/\/www.facebook.com\/Djoring-101845331769210","https:\/\/www.instagram.com\/djoringsport\/"]}]}},"_links":{"self":[{"href":"https:\/\/djoring.com\/en\/wp-json\/wp\/v2\/product\/2368","targetHints":{"allow":["GET"]}}],"collection":[{"href":"https:\/\/djoring.com\/en\/wp-json\/wp\/v2\/product"}],"about":[{"href":"https:\/\/djoring.com\/en\/wp-json\/wp\/v2\/types\/product"}],"replies":[{"embeddable":true,"href":"https:\/\/djoring.com\/en\/wp-json\/wp\/v2\/comments?post=2368"}],"wp:featuredmedia":[{"embeddable":true,"href":"https:\/\/djoring.com\/en\/wp-json\/wp\/v2\/media\/2854"}],"wp:attachment":[{"href":"https:\/\/djoring.com\/en\/wp-json\/wp\/v2\/media?parent=2368"}],"wp:term":[{"taxonomy":"product_brand","embeddable":true,"href":"https:\/\/djoring.com\/en\/wp-json\/wp\/v2\/product_brand?post=2368"},{"taxonomy":"product_cat","embeddable":true,"href":"https:\/\/djoring.com\/en\/wp-json\/wp\/v2\/product_cat?post=2368"},{"taxonomy":"product_tag","embeddable":true,"href":"https:\/\/djoring.com\/en\/wp-json\/wp\/v2\/product_tag?post=2368"}],"curies":[{"name":"wp","href":"https:\/\/api.w.org\/{rel}","templated":true}]}}