{"id":2401,"date":"2021-01-08T09:31:40","date_gmt":"2021-01-08T08:31:40","guid":{"rendered":"https:\/\/djoring.com\/?post_type=product&#038;p=2401"},"modified":"2021-02-23T16:23:29","modified_gmt":"2021-02-23T15:23:29","slug":"djore-cross-tug-line-with-bungee","status":"publish","type":"product","link":"https:\/\/djoring.com\/en\/produits\/djore-cross-tug-line-with-bungee\/","title":{"rendered":"Djore Cross tug line with bungee"},"content":{"rendered":"<div class=\"wpb-content-wrapper\"><p>[vc_row][vc_column][vc_column_text text_larger=&#8221;no&#8221;]<strong>Progressive pull quality<\/strong><\/p>\n<p>The DJORE CROSS tug line with bungee is designed to obtain a so-called progressive pull quality in order to avoid jolts.<\/p>\n<p><strong>Elastic structure along the entire length of the leash<\/strong><\/p>\n<p>This tug line allows a better use of the dog&#8217;s pull during the constant movement phase thanks to its high retraction capacity allowing the human to be brought back to the dog during the pulling phase. This phenomenon is linked to its elastic structure located along the entire length of the leash.<\/p>\n<p><strong>Two handles<\/strong><\/p>\n<p>The upper handle is used as an attachment point on the human side and the traffic handle for quick control of the dog.<\/p>\n<p><strong>Soft and comfortable<\/strong><\/p>\n<p>The resistant swivel snap hook prevents the leash from twisting on itself when the dog turns in circles. The tubular strap is very soft for a comfortable grip. The elastic band is assembled by stitching, without knots.<\/p>\n<p><em><strong>In compliance with national and international federal rules.<\/strong><\/em>[\/vc_column_text][\/vc_column][\/vc_row][vc_row][vc_column]\t\t<div class=\"wd-spots wd-event-hover hotspot-icon-default color-scheme-dark wd-hotspot-static \">\n\t\t\t<div class=\"wd-image-hotspot-hotspots\">\n\t\t\t\t<img loading=\"lazy\" decoding=\"async\" width=\"2315\" height=\"502\" src=\"https:\/\/djoring.com\/wp-content\/uploads\/2021\/01\/djore-leash-cross_1600_98_hotsport-1.jpg\" class=\"wd-image-hotspot-img\" alt=\"\" srcset=\"https:\/\/djoring.com\/wp-content\/uploads\/2021\/01\/djore-leash-cross_1600_98_hotsport-1.jpg 2315w, https:\/\/djoring.com\/wp-content\/uploads\/2021\/01\/djore-leash-cross_1600_98_hotsport-1-150x33.jpg 150w, https:\/\/djoring.com\/wp-content\/uploads\/2021\/01\/djore-leash-cross_1600_98_hotsport-1-1200x260.jpg 1200w, https:\/\/djoring.com\/wp-content\/uploads\/2021\/01\/djore-leash-cross_1600_98_hotsport-1-300x65.jpg 300w, https:\/\/djoring.com\/wp-content\/uploads\/2021\/01\/djore-leash-cross_1600_98_hotsport-1-1024x222.jpg 1024w, https:\/\/djoring.com\/wp-content\/uploads\/2021\/01\/djore-leash-cross_1600_98_hotsport-1-768x167.jpg 768w, https:\/\/djoring.com\/wp-content\/uploads\/2021\/01\/djore-leash-cross_1600_98_hotsport-1-1536x333.jpg 1536w, https:\/\/djoring.com\/wp-content\/uploads\/2021\/01\/djore-leash-cross_1600_98_hotsport-1-2048x444.jpg 2048w\" sizes=\"auto, (max-width: 2315px) 100vw, 2315px\" \/><div class=\"wd-image-hotspot hotspot-type-text\" style=\"left: 27.913%; top: 16.500%;\"><span class=\"hotspot-sonar\"><\/span><div class=\"hotspot-btn wd-role-btn wd-fill\" tabindex=\"0\"><\/div><div class=\"hotspot-text hotspot-content hotspot-dropdown-left\"><h4 class=\"wd-entities-title\">Upper handle<\/h4><\/div><\/div><div class=\"wd-image-hotspot hotspot-type-text\" style=\"left: 34.688%; top: 58.000%;\"><span class=\"hotspot-sonar\"><\/span><div class=\"hotspot-btn wd-role-btn wd-fill\" tabindex=\"0\"><\/div><div class=\"hotspot-text hotspot-content hotspot-dropdown-left\"><h4 class=\"wd-entities-title\">Traffic handle<\/h4><\/div><\/div><div class=\"wd-image-hotspot hotspot-type-text\" style=\"left: 22.222%; top: 44.500%;\"><span class=\"hotspot-sonar\"><\/span><div class=\"hotspot-btn wd-role-btn wd-fill\" tabindex=\"0\"><\/div><div class=\"hotspot-text hotspot-content hotspot-dropdown-left\"><h4 class=\"wd-entities-title\">Swivel snap hook<\/h4><\/div><\/div><div class=\"wd-image-hotspot hotspot-type-text\" style=\"left: 73.984%; top: 35.500%;\"><span class=\"hotspot-sonar\"><\/span><div class=\"hotspot-btn wd-role-btn wd-fill\" tabindex=\"0\"><\/div><div class=\"hotspot-text hotspot-content hotspot-dropdown-left\"><h4 class=\"wd-entities-title\">Long elastic structure<\/h4><\/div><\/div><div class=\"wd-image-hotspot hotspot-type-text\" style=\"left: 48.103%; top: 33.500%;\"><span class=\"hotspot-sonar\"><\/span><div class=\"hotspot-btn wd-role-btn wd-fill\" tabindex=\"0\"><\/div><div class=\"hotspot-text hotspot-content hotspot-dropdown-left\"><h4 class=\"wd-entities-title\">Assembly elastic \/ webbing by stitching<\/h4><\/div><\/div><div class=\"wd-image-hotspot hotspot-type-text\" style=\"left: 52.439%; top: 54.000%;\"><span class=\"hotspot-sonar\"><\/span><div class=\"hotspot-btn wd-role-btn wd-fill\" tabindex=\"0\"><\/div><div class=\"hotspot-text hotspot-content hotspot-dropdown-left\"><h4 class=\"wd-entities-title\">Assembly elastic \/ webbing by stitching<\/h4><\/div><\/div>\t\t\t<\/div>\n\t\t<\/div>\n\t\t[\/vc_column][\/vc_row][vc_row][vc_column][vc_column_text text_larger=&#8221;no&#8221;]<strong>Key features :<\/strong><\/p>\n<ul>\n<li>Upper handle<\/li>\n<li>Traffic handle for easy control<\/li>\n<li>Swivel snap hook<\/li>\n<li>Long elastic structure<\/li>\n<li>Assembly of elastic with webbing by stitching<\/li>\n<li>Length of the tug line fully extended : 2 m \/ 6.56 ft<\/li>\n<li>Compliance with federal rules<\/li>\n<\/ul>\n<p>[\/vc_column_text][\/vc_column][\/vc_row]<\/p>\n<\/div>","protected":false},"excerpt":{"rendered":"<div class=\"page\" title=\"Page 3\">\n<div class=\"section\">\n<div class=\"layoutArea\">\n<div class=\"column\">\n<p><strong>Shock-absorbing dog tug line with bungee<\/strong><\/p>\n<p>Canicross \u2022 Hiking \u2022 Daily walks<\/p>\n<p><strong>Length of the leash fully extended : 2 m \/ 6.56 ft<\/strong><\/p>\n<p><em><strong>In compliance with national and international federal rules.<\/strong><\/em><\/p>\n<p>The <strong>DJORE CROSS<\/strong> tug line with bungee is designed for canicross and hiking. Equipped with two handles, the upper handle to be attached on the human side and the traffic handle for quick control of the dog when needed. The high quality and excellent retraction capacity of the elastic allow the human to be brought back to the dog during the pulling phase. Resistant swivel snap hook.<\/p>\n<\/div>\n<\/div>\n<\/div>\n<\/div>\n","protected":false},"featured_media":2535,"comment_status":"open","ping_status":"closed","template":"","meta":[],"product_brand":[],"product_cat":[124],"product_tag":[],"class_list":{"0":"post-2401","1":"product","2":"type-product","3":"status-publish","4":"has-post-thumbnail","6":"product_cat-tug-line","8":"first","9":"instock","10":"taxable","11":"shipping-taxable","12":"purchasable","13":"product-type-simple"},"yoast_head":"<!-- This site is optimized with the Yoast SEO plugin v26.9 - https:\/\/yoast.com\/product\/yoast-seo-wordpress\/ -->\n<title>Djore Cross tug line with bungee - Djoring<\/title>\n<meta name=\"robots\" content=\"index, follow, max-snippet:-1, max-image-preview:large, max-video-preview:-1\" \/>\n<link rel=\"canonical\" href=\"https:\/\/djoring.com\/en\/produits\/djore-cross-tug-line-with-bungee\/\" \/>\n<meta property=\"og:locale\" content=\"en_US\" \/>\n<meta property=\"og:type\" content=\"article\" \/>\n<meta property=\"og:title\" content=\"Djore Cross tug line with bungee - Djoring\" \/>\n<meta property=\"og:description\" content=\"Shock-absorbing dog tug line with bungee  Canicross \u2022 Hiking \u2022 Daily walks  Length of the leash fully extended : 2 m \/ 6.56 ft  In compliance with national and international federal rules.  The DJORE CROSS tug line with bungee is designed for canicross and hiking. Equipped with two handles, the upper handle to be attached on the human side and the traffic handle for quick control of the dog when needed. The high quality and excellent retraction capacity of the elastic allow the human to be brought back to the dog during the pulling phase. Resistant swivel snap hook.\" \/>\n<meta property=\"og:url\" content=\"https:\/\/djoring.com\/en\/produits\/djore-cross-tug-line-with-bungee\/\" \/>\n<meta property=\"og:site_name\" content=\"Djoring\" \/>\n<meta property=\"article:publisher\" content=\"https:\/\/www.facebook.com\/Djoring-101845331769210\" \/>\n<meta property=\"article:modified_time\" content=\"2021-02-23T15:23:29+00:00\" \/>\n<meta property=\"og:image\" content=\"https:\/\/djoring.com\/wp-content\/uploads\/2021\/02\/djore-leash-cross_1600_98.jpg\" \/>\n\t<meta property=\"og:image:width\" content=\"1600\" \/>\n\t<meta property=\"og:image:height\" content=\"1600\" \/>\n\t<meta property=\"og:image:type\" content=\"image\/jpeg\" \/>\n<meta name=\"twitter:card\" content=\"summary_large_image\" \/>\n<meta name=\"twitter:label1\" content=\"Est. reading time\" \/>\n\t<meta name=\"twitter:data1\" content=\"2 minutes\" \/>\n<script type=\"application\/ld+json\" class=\"yoast-schema-graph\">{\"@context\":\"https:\/\/schema.org\",\"@graph\":[{\"@type\":\"WebPage\",\"@id\":\"https:\/\/djoring.com\/en\/produits\/djore-cross-tug-line-with-bungee\/\",\"url\":\"https:\/\/djoring.com\/en\/produits\/djore-cross-tug-line-with-bungee\/\",\"name\":\"Djore Cross tug line with bungee - Djoring\",\"isPartOf\":{\"@id\":\"https:\/\/djoring.com\/#website\"},\"primaryImageOfPage\":{\"@id\":\"https:\/\/djoring.com\/en\/produits\/djore-cross-tug-line-with-bungee\/#primaryimage\"},\"image\":{\"@id\":\"https:\/\/djoring.com\/en\/produits\/djore-cross-tug-line-with-bungee\/#primaryimage\"},\"thumbnailUrl\":\"https:\/\/djoring.com\/wp-content\/uploads\/2021\/02\/djore-leash-cross_1600_98.jpg\",\"datePublished\":\"2021-01-08T08:31:40+00:00\",\"dateModified\":\"2021-02-23T15:23:29+00:00\",\"breadcrumb\":{\"@id\":\"https:\/\/djoring.com\/en\/produits\/djore-cross-tug-line-with-bungee\/#breadcrumb\"},\"inLanguage\":\"en-US\",\"potentialAction\":[{\"@type\":\"ReadAction\",\"target\":[\"https:\/\/djoring.com\/en\/produits\/djore-cross-tug-line-with-bungee\/\"]}]},{\"@type\":\"ImageObject\",\"inLanguage\":\"en-US\",\"@id\":\"https:\/\/djoring.com\/en\/produits\/djore-cross-tug-line-with-bungee\/#primaryimage\",\"url\":\"https:\/\/djoring.com\/wp-content\/uploads\/2021\/02\/djore-leash-cross_1600_98.jpg\",\"contentUrl\":\"https:\/\/djoring.com\/wp-content\/uploads\/2021\/02\/djore-leash-cross_1600_98.jpg\",\"width\":1600,\"height\":1600},{\"@type\":\"BreadcrumbList\",\"@id\":\"https:\/\/djoring.com\/en\/produits\/djore-cross-tug-line-with-bungee\/#breadcrumb\",\"itemListElement\":[{\"@type\":\"ListItem\",\"position\":1,\"name\":\"Accueil\",\"item\":\"https:\/\/djoring.com\/en\/\"},{\"@type\":\"ListItem\",\"position\":2,\"name\":\"Products\",\"item\":\"https:\/\/djoring.com\/en\/products\/\"},{\"@type\":\"ListItem\",\"position\":3,\"name\":\"Djore Cross tug line with bungee\"}]},{\"@type\":\"WebSite\",\"@id\":\"https:\/\/djoring.com\/#website\",\"url\":\"https:\/\/djoring.com\/\",\"name\":\"Djoring\",\"description\":\"Marque fran\u00e7aise d&#039;\u00e9quipements de sports canins attel\u00e9s\",\"publisher\":{\"@id\":\"https:\/\/djoring.com\/#organization\"},\"potentialAction\":[{\"@type\":\"SearchAction\",\"target\":{\"@type\":\"EntryPoint\",\"urlTemplate\":\"https:\/\/djoring.com\/?s={search_term_string}\"},\"query-input\":{\"@type\":\"PropertyValueSpecification\",\"valueRequired\":true,\"valueName\":\"search_term_string\"}}],\"inLanguage\":\"en-US\"},{\"@type\":\"Organization\",\"@id\":\"https:\/\/djoring.com\/#organization\",\"name\":\"Djoring\",\"url\":\"https:\/\/djoring.com\/\",\"logo\":{\"@type\":\"ImageObject\",\"inLanguage\":\"en-US\",\"@id\":\"https:\/\/djoring.com\/#\/schema\/logo\/image\/\",\"url\":\"https:\/\/djoring.com\/wp-content\/uploads\/2021\/01\/Logo-Djoring-gris-vec-1.jpg\",\"contentUrl\":\"https:\/\/djoring.com\/wp-content\/uploads\/2021\/01\/Logo-Djoring-gris-vec-1.jpg\",\"width\":1000,\"height\":308,\"caption\":\"Djoring\"},\"image\":{\"@id\":\"https:\/\/djoring.com\/#\/schema\/logo\/image\/\"},\"sameAs\":[\"https:\/\/www.facebook.com\/Djoring-101845331769210\",\"https:\/\/www.instagram.com\/djoringsport\/\"]}]}<\/script>\n<!-- \/ Yoast SEO plugin. -->","yoast_head_json":{"title":"Djore Cross tug line with bungee - Djoring","robots":{"index":"index","follow":"follow","max-snippet":"max-snippet:-1","max-image-preview":"max-image-preview:large","max-video-preview":"max-video-preview:-1"},"canonical":"https:\/\/djoring.com\/en\/produits\/djore-cross-tug-line-with-bungee\/","og_locale":"en_US","og_type":"article","og_title":"Djore Cross tug line with bungee - Djoring","og_description":"Shock-absorbing dog tug line with bungee  Canicross \u2022 Hiking \u2022 Daily walks  Length of the leash fully extended : 2 m \/ 6.56 ft  In compliance with national and international federal rules.  The DJORE CROSS tug line with bungee is designed for canicross and hiking. Equipped with two handles, the upper handle to be attached on the human side and the traffic handle for quick control of the dog when needed. The high quality and excellent retraction capacity of the elastic allow the human to be brought back to the dog during the pulling phase. Resistant swivel snap hook.","og_url":"https:\/\/djoring.com\/en\/produits\/djore-cross-tug-line-with-bungee\/","og_site_name":"Djoring","article_publisher":"https:\/\/www.facebook.com\/Djoring-101845331769210","article_modified_time":"2021-02-23T15:23:29+00:00","og_image":[{"width":1600,"height":1600,"url":"https:\/\/djoring.com\/wp-content\/uploads\/2021\/02\/djore-leash-cross_1600_98.jpg","type":"image\/jpeg"}],"twitter_card":"summary_large_image","twitter_misc":{"Est. reading time":"2 minutes"},"schema":{"@context":"https:\/\/schema.org","@graph":[{"@type":"WebPage","@id":"https:\/\/djoring.com\/en\/produits\/djore-cross-tug-line-with-bungee\/","url":"https:\/\/djoring.com\/en\/produits\/djore-cross-tug-line-with-bungee\/","name":"Djore Cross tug line with bungee - Djoring","isPartOf":{"@id":"https:\/\/djoring.com\/#website"},"primaryImageOfPage":{"@id":"https:\/\/djoring.com\/en\/produits\/djore-cross-tug-line-with-bungee\/#primaryimage"},"image":{"@id":"https:\/\/djoring.com\/en\/produits\/djore-cross-tug-line-with-bungee\/#primaryimage"},"thumbnailUrl":"https:\/\/djoring.com\/wp-content\/uploads\/2021\/02\/djore-leash-cross_1600_98.jpg","datePublished":"2021-01-08T08:31:40+00:00","dateModified":"2021-02-23T15:23:29+00:00","breadcrumb":{"@id":"https:\/\/djoring.com\/en\/produits\/djore-cross-tug-line-with-bungee\/#breadcrumb"},"inLanguage":"en-US","potentialAction":[{"@type":"ReadAction","target":["https:\/\/djoring.com\/en\/produits\/djore-cross-tug-line-with-bungee\/"]}]},{"@type":"ImageObject","inLanguage":"en-US","@id":"https:\/\/djoring.com\/en\/produits\/djore-cross-tug-line-with-bungee\/#primaryimage","url":"https:\/\/djoring.com\/wp-content\/uploads\/2021\/02\/djore-leash-cross_1600_98.jpg","contentUrl":"https:\/\/djoring.com\/wp-content\/uploads\/2021\/02\/djore-leash-cross_1600_98.jpg","width":1600,"height":1600},{"@type":"BreadcrumbList","@id":"https:\/\/djoring.com\/en\/produits\/djore-cross-tug-line-with-bungee\/#breadcrumb","itemListElement":[{"@type":"ListItem","position":1,"name":"Accueil","item":"https:\/\/djoring.com\/en\/"},{"@type":"ListItem","position":2,"name":"Products","item":"https:\/\/djoring.com\/en\/products\/"},{"@type":"ListItem","position":3,"name":"Djore Cross tug line with bungee"}]},{"@type":"WebSite","@id":"https:\/\/djoring.com\/#website","url":"https:\/\/djoring.com\/","name":"Djoring","description":"Marque fran\u00e7aise d&#039;\u00e9quipements de sports canins attel\u00e9s","publisher":{"@id":"https:\/\/djoring.com\/#organization"},"potentialAction":[{"@type":"SearchAction","target":{"@type":"EntryPoint","urlTemplate":"https:\/\/djoring.com\/?s={search_term_string}"},"query-input":{"@type":"PropertyValueSpecification","valueRequired":true,"valueName":"search_term_string"}}],"inLanguage":"en-US"},{"@type":"Organization","@id":"https:\/\/djoring.com\/#organization","name":"Djoring","url":"https:\/\/djoring.com\/","logo":{"@type":"ImageObject","inLanguage":"en-US","@id":"https:\/\/djoring.com\/#\/schema\/logo\/image\/","url":"https:\/\/djoring.com\/wp-content\/uploads\/2021\/01\/Logo-Djoring-gris-vec-1.jpg","contentUrl":"https:\/\/djoring.com\/wp-content\/uploads\/2021\/01\/Logo-Djoring-gris-vec-1.jpg","width":1000,"height":308,"caption":"Djoring"},"image":{"@id":"https:\/\/djoring.com\/#\/schema\/logo\/image\/"},"sameAs":["https:\/\/www.facebook.com\/Djoring-101845331769210","https:\/\/www.instagram.com\/djoringsport\/"]}]}},"_links":{"self":[{"href":"https:\/\/djoring.com\/en\/wp-json\/wp\/v2\/product\/2401","targetHints":{"allow":["GET"]}}],"collection":[{"href":"https:\/\/djoring.com\/en\/wp-json\/wp\/v2\/product"}],"about":[{"href":"https:\/\/djoring.com\/en\/wp-json\/wp\/v2\/types\/product"}],"replies":[{"embeddable":true,"href":"https:\/\/djoring.com\/en\/wp-json\/wp\/v2\/comments?post=2401"}],"wp:featuredmedia":[{"embeddable":true,"href":"https:\/\/djoring.com\/en\/wp-json\/wp\/v2\/media\/2535"}],"wp:attachment":[{"href":"https:\/\/djoring.com\/en\/wp-json\/wp\/v2\/media?parent=2401"}],"wp:term":[{"taxonomy":"product_brand","embeddable":true,"href":"https:\/\/djoring.com\/en\/wp-json\/wp\/v2\/product_brand?post=2401"},{"taxonomy":"product_cat","embeddable":true,"href":"https:\/\/djoring.com\/en\/wp-json\/wp\/v2\/product_cat?post=2401"},{"taxonomy":"product_tag","embeddable":true,"href":"https:\/\/djoring.com\/en\/wp-json\/wp\/v2\/product_tag?post=2401"}],"curies":[{"name":"wp","href":"https:\/\/api.w.org\/{rel}","templated":true}]}}